{"id":48,"date":"2023-11-14T12:40:56","date_gmt":"2023-11-14T11:40:56","guid":{"rendered":"http:\/\/fuerstenerker-leipzig.de\/?page_id=48"},"modified":"2023-11-16T11:10:49","modified_gmt":"2023-11-16T10:10:49","slug":"der-erker","status":"publish","type":"page","link":"https:\/\/fuerstenerker-leipzig.de\/en\/der-erker\/","title":{"rendered":"The bay window"},"content":{"rendered":"<div data-elementor-type=\"wp-page\" data-elementor-id=\"48\" class=\"elementor elementor-48\">\n\t\t\t\t<div class=\"elementor-element elementor-element-4378822 e-flex e-con-boxed e-con e-parent\" data-id=\"4378822\" data-element_type=\"container\" data-e-type=\"container\">\n\t\t\t\t\t<div class=\"e-con-inner\">\n\t\t<div class=\"elementor-element elementor-element-7e50387 e-con-full e-flex e-con e-child\" data-id=\"7e50387\" data-element_type=\"container\" data-e-type=\"container\">\n\t\t\t\t<div class=\"elementor-element elementor-element-a2b40a7 elementor-widget elementor-widget-image\" data-id=\"a2b40a7\" data-element_type=\"widget\" data-e-type=\"widget\" data-widget_type=\"image.default\">\n\t\t\t\t<div class=\"elementor-widget-container\">\n\t\t\t\t\t\t\t\t\t\t\t\t\t\t\t<img fetchpriority=\"high\" decoding=\"async\" width=\"800\" height=\"677\" src=\"https:\/\/fuerstenerker-leipzig.de\/wp-content\/uploads\/Fuerstenhaus_Lewy-transformed-1024x867.jpeg\" class=\"attachment-large size-large wp-image-309\" alt=\"\" srcset=\"https:\/\/fuerstenerker-leipzig.de\/wp-content\/uploads\/Fuerstenhaus_Lewy-transformed-1024x867.jpeg 1024w, https:\/\/fuerstenerker-leipzig.de\/wp-content\/uploads\/Fuerstenhaus_Lewy-transformed-300x254.jpeg 300w, https:\/\/fuerstenerker-leipzig.de\/wp-content\/uploads\/Fuerstenhaus_Lewy-transformed-768x650.jpeg 768w, https:\/\/fuerstenerker-leipzig.de\/wp-content\/uploads\/Fuerstenhaus_Lewy-transformed-1536x1300.jpeg 1536w, https:\/\/fuerstenerker-leipzig.de\/wp-content\/uploads\/Fuerstenhaus_Lewy-transformed-2048x1734.jpeg 2048w\" sizes=\"(max-width: 800px) 100vw, 800px\" \/>\t\t\t\t\t\t\t\t\t\t\t\t\t\t\t<\/div>\n\t\t\t\t<\/div>\n\t\t\t\t<\/div>\n\t\t<div class=\"elementor-element elementor-element-2698eaa e-con-full e-flex e-con e-child\" data-id=\"2698eaa\" data-element_type=\"container\" data-e-type=\"container\">\n\t\t\t\t<div class=\"elementor-element elementor-element-8a382f7 elementor-widget elementor-widget-heading\" data-id=\"8a382f7\" data-element_type=\"widget\" data-e-type=\"widget\" data-widget_type=\"heading.default\">\n\t\t\t\t<div class=\"elementor-widget-container\">\n\t\t\t\t\t<h2 class=\"elementor-heading-title elementor-size-default\">The F\u00fcrstenhaus (\u201cPrinces\u2019 House\u201d)<\/h2>\t\t\t\t<\/div>\n\t\t\t\t<\/div>\n\t\t\t\t<div class=\"elementor-element elementor-element-aa89866 elementor-widget elementor-widget-text-editor\" data-id=\"aa89866\" data-element_type=\"widget\" data-e-type=\"widget\" data-widget_type=\"text-editor.default\">\n\t\t\t\t<div class=\"elementor-widget-container\">\n\t\t\t\t\t\t\t\t\t<p>In 1558, over 450 years ago, the Leipzig merchant Dr Georg Roth commissioned the stonemason Paul Wiedemann to design what became the most magnificent bourgeois house of the Leipzig Renaissance at Grimmaische Stra\u00dfe 30, directly opposite today\u2019s F\u00fcrstenerker building. The two-storey residence was crowned with gables and framed on either side by two round bay windows (Runderker), crafted from red Rochlitz porphyry tuff. These represented the most remarkable architectural sculpture of that era in the trade-fair city. In 1612, four princes from Altenburg lived there while studying at Leipzig University, it was subsequently called the F\u00fcrstenhaus (\u201cPrinces\u2019 House\u201d). It is also recorded that Tsar Peter the Great lodged in the building in 1713. By that time, it was already owned by the neighbouring university. The building was destroyed during the Second World War. When the ruins were demolished, the two relatively well-preserved bay windows were salvaged and stored in the Moritzbastei.<\/p>\t\t\t\t\t\t\t\t<\/div>\n\t\t\t\t<\/div>\n\t\t\t\t<\/div>\n\t\t\t\t\t<\/div>\n\t\t\t\t<\/div>\n\t\t<div class=\"elementor-element elementor-element-a0dcb35 e-flex e-con-boxed e-con e-parent\" data-id=\"a0dcb35\" data-element_type=\"container\" data-e-type=\"container\">\n\t\t\t\t\t<div class=\"e-con-inner\">\n\t\t<div class=\"elementor-element elementor-element-a50a8dd e-con-full e-flex e-con e-child\" data-id=\"a50a8dd\" data-element_type=\"container\" data-e-type=\"container\">\n\t\t\t\t<div class=\"elementor-element elementor-element-ef174bd elementor-widget elementor-widget-image\" data-id=\"ef174bd\" data-element_type=\"widget\" data-e-type=\"widget\" data-widget_type=\"image.default\">\n\t\t\t\t<div class=\"elementor-widget-container\">\n\t\t\t\t\t\t\t\t\t\t\t\t\t\t\t<img decoding=\"async\" width=\"532\" height=\"1024\" src=\"https:\/\/fuerstenerker-leipzig.de\/wp-content\/uploads\/Erker_1_2_-transformed-e1700127904964-532x1024.jpeg\" class=\"attachment-large size-large wp-image-314\" alt=\"\" srcset=\"https:\/\/fuerstenerker-leipzig.de\/wp-content\/uploads\/Erker_1_2_-transformed-e1700127904964-532x1024.jpeg 532w, https:\/\/fuerstenerker-leipzig.de\/wp-content\/uploads\/Erker_1_2_-transformed-e1700127904964-156x300.jpeg 156w, https:\/\/fuerstenerker-leipzig.de\/wp-content\/uploads\/Erker_1_2_-transformed-e1700127904964.jpeg 646w\" sizes=\"(max-width: 532px) 100vw, 532px\" \/>\t\t\t\t\t\t\t\t\t\t\t\t\t\t\t<\/div>\n\t\t\t\t<\/div>\n\t\t\t\t<\/div>\n\t\t<div class=\"elementor-element elementor-element-e150f2b e-con-full e-flex e-con e-child\" data-id=\"e150f2b\" data-element_type=\"container\" data-e-type=\"container\">\n\t\t\t\t<div class=\"elementor-element elementor-element-19f14ab elementor-widget elementor-widget-heading\" data-id=\"19f14ab\" data-element_type=\"widget\" data-e-type=\"widget\" data-widget_type=\"heading.default\">\n\t\t\t\t<div class=\"elementor-widget-container\">\n\t\t\t\t\t<h2 class=\"elementor-heading-title elementor-size-default\">A Masterpiece of Sculpture \n<\/h2>\t\t\t\t<\/div>\n\t\t\t\t<\/div>\n\t\t\t\t<div class=\"elementor-element elementor-element-cd7e02d elementor-widget elementor-widget-text-editor\" data-id=\"cd7e02d\" data-element_type=\"widget\" data-e-type=\"widget\" data-widget_type=\"text-editor.default\">\n\t\t\t\t<div class=\"elementor-widget-container\">\n\t\t\t\t\t\t\t\t\t<p>The magnificent round bay window (F\u00fcrstenerker) on the building at Grimmaische Stra\u00dfe 17, which we can once again admire today, is a copy of one of the two almost identically designed round bays. It was added in 1986 to the corner of the new residential building. The Dresden sculptor Christian Hempel, together with Leipzig stonemasons from the municipal heritage preservation company, recreated Paul Wiedemann\u2019s masterpiece based on surviving fragments of the two Renaissance bays as well as historical photographs. The two-storey round bay window with its Welsh slate roof is modelled on the round bay window designed by Kunz Krebs (\u20201540) at Hartenfels Castle in Torgau. The parapet panels of the bay window feature coats of arms on the first floor and cartouches with portraits of the owner family on the second floor.<\/p><p>Above the six windows, framed in typical Renaissance scrollwork, runs the Latin inscription \u201cTurris fortissima nomen domini beati omnes qui confiunt in eo\u201d, which means \u201cThe strongest tower is the name of the Lord; blessed are all who place their trust in Him.\u201d The bay also features other sculptural details typical of the period, such as interlaced bands and hanging garlands separating the windows, as well as diamond cubes and an egg-and-dart frieze. At the base, on the corbel stone, Wiedemann\u2019s stonemason\u2019s mark can be seen.<\/p><p>A visible symbol of the economic and cultural flourishing of the Renaissance era is the Old Town Hall on the Market Square, built in 1556\/57, which still stands today. Under the leadership of Mayor Hieronymus Lotter, Paul Wiedemann played a decisive role in its construction and decoration. Together, they left a distinctive mark on the architecture of Leipzig\u2019s High Renaissance. The 16th century also saw in Leipzig the transition from half-timbered houses to stone-built bourgeois houses, with projecting bay windows becoming a characteristic Leipzig tradition.<\/p>\t\t\t\t\t\t\t\t<\/div>\n\t\t\t\t<\/div>\n\t\t\t\t<\/div>\n\t\t\t\t\t<\/div>\n\t\t\t\t<\/div>\n\t\t<div class=\"elementor-element elementor-element-8826fce e-flex e-con-boxed e-con e-parent\" data-id=\"8826fce\" data-element_type=\"container\" data-e-type=\"container\">\n\t\t\t\t\t<div class=\"e-con-inner\">\n\t\t\t\t\t<\/div>\n\t\t\t\t<\/div>\n\t\t<div class=\"elementor-element elementor-element-1af2b51 e-flex e-con-boxed e-con e-parent\" data-id=\"1af2b51\" data-element_type=\"container\" data-e-type=\"container\">\n\t\t\t\t\t<div class=\"e-con-inner\">\n\t\t\t\t<div class=\"elementor-element elementor-element-b69306e elementor-widget elementor-widget-html\" data-id=\"b69306e\" data-element_type=\"widget\" data-e-type=\"widget\" data-widget_type=\"html.default\">\n\t\t\t\t<div class=\"elementor-widget-container\">\n\t\t\t\t\t<i class=\"fas fa-chevron-circle-up\" onclick=\"topFunction()\" id=\"kltop\" title=\"Go to top\"><\/i>\n<script>\n    \/\/Get the button:\nmybutton = document.getElementById(\"kltop\");\n\/\/ When the user scrolls down 20px from the top of the document, show the button\nwindow.onscroll = function() {scrollFunction()};\nfunction scrollFunction() {\n  if (document.body.scrollTop > 20 || document.documentElement.scrollTop > 20) {\n    mybutton.style.display = \"block\";\n  } else {\n    mybutton.style.display = \"none\";\n  }\n}\n\/\/ When the user clicks on the button, scroll to the top of the document\nfunction topFunction() {\n  document.body.scrollTop = 0; \/\/ For Safari\n  document.documentElement.scrollTop = 0; \/\/ For Chrome, Firefox, IE and Opera\n}\n<\/script>\t\t\t\t<\/div>\n\t\t\t\t<\/div>\n\t\t\t\t\t<\/div>\n\t\t\t\t<\/div>\n\t\t\t\t<\/div>","protected":false},"excerpt":{"rendered":"<p>Das F\u00fcrstenhaus 1558, vor \u00fcber 450 Jahren, lie\u00df sich der Leipziger Kaufmann Dr. Georg Roth nach Entwurf des Steinmetzen Paul Wiedemann an der Grimmaischen Stra\u00dfe 30, gegen\u00fcber dem heutigen F\u00fcrstenerker-Haus, das pr\u00e4chtigste B\u00fcrgerhaus der Leipziger Renaissance errichten. Das zweigeschossige Wohngeb\u00e4ude wurde von Giebeln bekr\u00f6nt und seitlich von zwei Runderkern gerahmt, die in rotem Rochlitzer Porphyrtuff [&hellip;]<\/p>","protected":false},"author":1,"featured_media":0,"parent":0,"menu_order":0,"comment_status":"closed","ping_status":"closed","template":"","meta":{"pgc_sgb_lightbox_settings":"","footnotes":""},"class_list":["post-48","page","type-page","status-publish","hentry"],"_links":{"self":[{"href":"https:\/\/fuerstenerker-leipzig.de\/en\/wp-json\/wp\/v2\/pages\/48","targetHints":{"allow":["GET"]}}],"collection":[{"href":"https:\/\/fuerstenerker-leipzig.de\/en\/wp-json\/wp\/v2\/pages"}],"about":[{"href":"https:\/\/fuerstenerker-leipzig.de\/en\/wp-json\/wp\/v2\/types\/page"}],"author":[{"embeddable":true,"href":"https:\/\/fuerstenerker-leipzig.de\/en\/wp-json\/wp\/v2\/users\/1"}],"replies":[{"embeddable":true,"href":"https:\/\/fuerstenerker-leipzig.de\/en\/wp-json\/wp\/v2\/comments?post=48"}],"version-history":[{"count":0,"href":"https:\/\/fuerstenerker-leipzig.de\/en\/wp-json\/wp\/v2\/pages\/48\/revisions"}],"wp:attachment":[{"href":"https:\/\/fuerstenerker-leipzig.de\/en\/wp-json\/wp\/v2\/media?parent=48"}],"curies":[{"name":"wp","href":"https:\/\/api.w.org\/{rel}","templated":true}]}}